{"id":1503,"date":"2024-06-12T10:51:25","date_gmt":"2024-06-12T08:51:25","guid":{"rendered":"https:\/\/processdesignpartners.com\/?page_id=1503"},"modified":"2024-10-15T08:53:19","modified_gmt":"2024-10-15T06:53:19","slug":"from-idea-to-implementation","status":"publish","type":"page","link":"https:\/\/processdesignpartners.com\/da\/from-idea-to-implementation\/","title":{"rendered":"FRA ID\u00c9 TIL IMPLEMENTERING"},"content":{"rendered":"<div data-elementor-type=\"wp-page\" data-elementor-id=\"1503\" class=\"elementor elementor-1503\" data-elementor-post-type=\"page\">\n\t\t\t\t<div class=\"elementor-element elementor-element-552c156 e-flex e-con-boxed e-con e-parent\" data-id=\"552c156\" data-element_type=\"container\" data-e-type=\"container\" data-settings=\"{&quot;background_background&quot;:&quot;classic&quot;}\">\n\t\t\t\t\t<div class=\"e-con-inner\">\n\t\t<div class=\"elementor-element elementor-element-92493ae e-flex e-con-boxed e-con e-child\" data-id=\"92493ae\" data-element_type=\"container\" data-e-type=\"container\" data-settings=\"{&quot;background_background&quot;:&quot;classic&quot;}\">\n\t\t\t\t\t<div class=\"e-con-inner\">\n\t\t<div class=\"elementor-element elementor-element-211dbdc e-flex e-con-boxed e-con e-child\" data-id=\"211dbdc\" data-element_type=\"container\" data-e-type=\"container\">\n\t\t\t\t\t<div class=\"e-con-inner\">\n\t\t\t\t<div class=\"elementor-element elementor-element-b243f20 elementor-widget elementor-widget-heading\" data-id=\"b243f20\" data-element_type=\"widget\" data-e-type=\"widget\" data-widget_type=\"heading.default\">\n\t\t\t\t<div class=\"elementor-widget-container\">\n\t\t\t\t\t<h1 class=\"elementor-heading-title elementor-size-default\">FRA ID\u00c9 TIL IMPLEMENTERING<\/h1>\t\t\t\t<\/div>\n\t\t\t\t<\/div>\n\t\t\t\t\t<\/div>\n\t\t\t\t<\/div>\n\t\t<div class=\"elementor-element elementor-element-93e8360 e-flex e-con-boxed e-con e-child\" data-id=\"93e8360\" data-element_type=\"container\" data-e-type=\"container\">\n\t\t\t\t\t<div class=\"e-con-inner\">\n\t\t<div class=\"elementor-element elementor-element-1459326 e-flex e-con-boxed e-con e-child\" data-id=\"1459326\" data-element_type=\"container\" data-e-type=\"container\" data-settings=\"{&quot;background_background&quot;:&quot;classic&quot;}\">\n\t\t\t\t\t<div class=\"e-con-inner\">\n\t\t\t\t<div class=\"elementor-element elementor-element-f7dd9ae elementor-widget elementor-widget-heading\" data-id=\"f7dd9ae\" data-element_type=\"widget\" data-e-type=\"widget\" data-widget_type=\"heading.default\">\n\t\t\t\t<div class=\"elementor-widget-container\">\n\t\t\t\t\t<h3 class=\"elementor-heading-title elementor-size-default\">Hos Process Design Partners guider vi dig gennem hele processen \u2013 fra den f\u00f8rste id\u00e9 til den vellykkede implementering af dit projekt. Vores tv\u00e6rfaglige team af eksperter arbejder t\u00e6t sammen med dig for at oms\u00e6tte dine visioner til praktiske, effektive og innovative l\u00f8sninger.<\/h3>\t\t\t\t<\/div>\n\t\t\t\t<\/div>\n\t\t\t\t\t<\/div>\n\t\t\t\t<\/div>\n\t\t\t\t\t<\/div>\n\t\t\t\t<\/div>\n\t\t\t\t\t<\/div>\n\t\t\t\t<\/div>\n\t\t\t\t\t<\/div>\n\t\t\t\t<\/div>\n\t\t<div class=\"elementor-element elementor-element-f9d28ef e-flex e-con-boxed e-con e-parent\" data-id=\"f9d28ef\" data-element_type=\"container\" data-e-type=\"container\" data-settings=\"{&quot;background_background&quot;:&quot;classic&quot;}\">\n\t\t\t\t\t<div class=\"e-con-inner\">\n\t\t\t\t<div class=\"elementor-element elementor-element-b5caeaa elementor-widget elementor-widget-heading\" data-id=\"b5caeaa\" data-element_type=\"widget\" data-e-type=\"widget\" data-widget_type=\"heading.default\">\n\t\t\t\t<div class=\"elementor-widget-container\">\n\t\t\t\t\t<h2 class=\"elementor-heading-title elementor-size-default\">SAMARBEJDE MED OS<\/h2>\t\t\t\t<\/div>\n\t\t\t\t<\/div>\n\t\t\t\t<div class=\"elementor-element elementor-element-b06365f elementor-widget elementor-widget-text-editor\" data-id=\"b06365f\" data-element_type=\"widget\" data-e-type=\"widget\" data-widget_type=\"text-editor.default\">\n\t\t\t\t<div class=\"elementor-widget-container\">\n\t\t\t\t\t\t\t\t\tHos Process Design Partners f\u00e5r du en dedikeret partner, der forvandler dine id\u00e9er til virkelighed og leverer projekter, der er b\u00e5de effektive, innovative og milj\u00f8bevidste. Sammen g\u00f8r vi din vision til virkelighed.\t\t\t\t\t\t\t\t<\/div>\n\t\t\t\t<\/div>\n\t\t\t\t\t<\/div>\n\t\t\t\t<\/div>\n\t\t<div class=\"elementor-element elementor-element-babf339 e-grid e-con-boxed e-con e-parent\" data-id=\"babf339\" data-element_type=\"container\" data-e-type=\"container\">\n\t\t\t\t\t<div class=\"e-con-inner\">\n\t\t\t\t<div class=\"elementor-element elementor-element-5d058e6 elementor-view-default elementor-position-block-start elementor-mobile-position-block-start elementor-widget elementor-widget-icon-box\" data-id=\"5d058e6\" data-element_type=\"widget\" data-e-type=\"widget\" data-widget_type=\"icon-box.default\">\n\t\t\t\t<div class=\"elementor-widget-container\">\n\t\t\t\t\t\t\t<div class=\"elementor-icon-box-wrapper\">\n\n\t\t\t\t\t\t<div class=\"elementor-icon-box-icon\">\n\t\t\t\t<span  class=\"elementor-icon\">\n\t\t\t\t<svg xmlns=\"http:\/\/www.w3.org\/2000\/svg\" viewbox=\"0 0 512 512\"><path d=\"M0 256a256 256 0 1 1 512 0A256 256 0 1 1 0 256zM268 131.2c-7.4-4.3-16.5-4.3-24-.1l-56 32c-11.5 6.6-15.5 21.2-8.9 32.7s21.2 15.5 32.7 8.9L232 193.4V336H192c-13.3 0-24 10.7-24 24s10.7 24 24 24h64 64c13.3 0 24-10.7 24-24s-10.7-24-24-24H280V152c0-8.6-4.6-16.5-12-20.8z\"><\/path><\/svg>\t\t\t\t<\/span>\n\t\t\t<\/div>\n\t\t\t\n\t\t\t\t\t\t<div class=\"elementor-icon-box-content\">\n\n\t\t\t\t\t\t\t\t\t<h4 class=\"elementor-icon-box-title\">\n\t\t\t\t\t\t<span  >\n\t\t\t\t\t\t\tKONCEPTUDVIKLING:\t\t\t\t\t\t<\/span>\n\t\t\t\t\t<\/h4>\n\t\t\t\t\n\t\t\t\t\t\t\t\t\t<p class=\"elementor-icon-box-description\">\n\t\t\t\t\t\tVi arbejder t\u00e6t sammen med dig for at forst\u00e5 din vision og dine specifikke krav, hvilket danner fundamentet for et succesfuldt projekt.\n\t\t\t\t\t<\/p>\n\t\t\t\t\n\t\t\t<\/div>\n\t\t\t\n\t\t<\/div>\n\t\t\t\t\t\t<\/div>\n\t\t\t\t<\/div>\n\t\t\t\t<div class=\"elementor-element elementor-element-7892ed9 elementor-view-default elementor-position-block-start elementor-mobile-position-block-start elementor-widget elementor-widget-icon-box\" data-id=\"7892ed9\" data-element_type=\"widget\" data-e-type=\"widget\" data-widget_type=\"icon-box.default\">\n\t\t\t\t<div class=\"elementor-widget-container\">\n\t\t\t\t\t\t\t<div class=\"elementor-icon-box-wrapper\">\n\n\t\t\t\t\t\t<div class=\"elementor-icon-box-icon\">\n\t\t\t\t<span  class=\"elementor-icon\">\n\t\t\t\t<svg xmlns=\"http:\/\/www.w3.org\/2000\/svg\" viewbox=\"0 0 512 512\"><path d=\"M256 512A256 256 0 1 0 256 0a256 256 0 1 0 0 512zM222.7 184.7l-24.2 18.4c-10.5 8-25.6 6-33.6-4.5s-6-25.6 4.5-33.6l24.2-18.4c15.8-12 35.2-18.4 55.1-18.1l3.4 .1c46.5 .7 83.8 38.6 83.8 85.1c0 23.5-9.7 46-26.9 62.1L244.7 336H328c13.3 0 24 10.7 24 24s-10.7 24-24 24H184c-9.8 0-18.7-6-22.3-15.2s-1.3-19.6 5.9-26.3L276.3 240.6c7.5-7 11.7-16.8 11.7-27.1c0-20.3-16.3-36.8-36.6-37.1l-3.4-.1c-9.1-.1-18 2.8-25.3 8.3z\"><\/path><\/svg>\t\t\t\t<\/span>\n\t\t\t<\/div>\n\t\t\t\n\t\t\t\t\t\t<div class=\"elementor-icon-box-content\">\n\n\t\t\t\t\t\t\t\t\t<h4 class=\"elementor-icon-box-title\">\n\t\t\t\t\t\t<span  >\n\t\t\t\t\t\t\tKONSTRUKTION:\t\t\t\t\t\t<\/span>\n\t\t\t\t\t<\/h4>\n\t\t\t\t\n\t\t\t\t\t\t\t\t\t<p class=\"elementor-icon-box-description\">\n\t\t\t\t\t\tVores team designer skr\u00e6ddersyede procesl\u00f8sninger med fokus p\u00e5 effektivitet, hygiejne og b\u00e6redygtighed, der underst\u00f8tter dine m\u00e5l.\t\t\t\t\t<\/p>\n\t\t\t\t\n\t\t\t<\/div>\n\t\t\t\n\t\t<\/div>\n\t\t\t\t\t\t<\/div>\n\t\t\t\t<\/div>\n\t\t\t\t<div class=\"elementor-element elementor-element-45a7bff elementor-view-default elementor-position-block-start elementor-mobile-position-block-start elementor-widget elementor-widget-icon-box\" data-id=\"45a7bff\" data-element_type=\"widget\" data-e-type=\"widget\" data-widget_type=\"icon-box.default\">\n\t\t\t\t<div class=\"elementor-widget-container\">\n\t\t\t\t\t\t\t<div class=\"elementor-icon-box-wrapper\">\n\n\t\t\t\t\t\t<div class=\"elementor-icon-box-icon\">\n\t\t\t\t<span  class=\"elementor-icon\">\n\t\t\t\t<svg xmlns=\"http:\/\/www.w3.org\/2000\/svg\" viewbox=\"0 0 512 512\"><path d=\"M256 512A256 256 0 1 0 256 0a256 256 0 1 0 0 512zM184 128H312c9.9 0 18.8 6.1 22.4 15.3s1.1 19.7-6.2 26.4l-50.8 46.5c41.9 4.8 74.6 40.4 74.6 83.6c0 46.5-37.7 84.2-84.2 84.2H240c-30.1 0-58.1-15.6-73.9-41.2l-2.6-4.2c-7-11.3-3.5-26.1 7.8-33s26.1-3.5 33 7.8l2.6 4.2c7.1 11.5 19.6 18.4 33 18.4h27.8c20 0 36.2-16.2 36.2-36.2c0-20.1-16.3-36.3-36.4-36.2l-51.5 .3c-9.9 .1-18.9-6-22.5-15.2s-1.2-19.8 6.1-26.5L250.3 176H184c-13.3 0-24-10.7-24-24s10.7-24 24-24z\"><\/path><\/svg>\t\t\t\t<\/span>\n\t\t\t<\/div>\n\t\t\t\n\t\t\t\t\t\t<div class=\"elementor-icon-box-content\">\n\n\t\t\t\t\t\t\t\t\t<h4 class=\"elementor-icon-box-title\">\n\t\t\t\t\t\t<span  >\n\t\t\t\t\t\t\tPROJEKTLEDELSE:\t\t\t\t\t\t<\/span>\n\t\t\t\t\t<\/h4>\n\t\t\t\t\n\t\t\t\t\t\t\t\t\t<p class=\"elementor-icon-box-description\">\n\t\t\t\t\t\tVi h\u00e5ndterer alle aspekter af dit projekt \u2013 fra planl\u00e6gning og indk\u00f8b til logistik og udf\u00f8relse \u2013 og sikrer en smidig og problemfri proces.\t\t\t\t\t<\/p>\n\t\t\t\t\n\t\t\t<\/div>\n\t\t\t\n\t\t<\/div>\n\t\t\t\t\t\t<\/div>\n\t\t\t\t<\/div>\n\t\t\t\t<div class=\"elementor-element elementor-element-6c95e1c elementor-view-default elementor-position-block-start elementor-mobile-position-block-start elementor-widget elementor-widget-icon-box\" data-id=\"6c95e1c\" data-element_type=\"widget\" data-e-type=\"widget\" data-widget_type=\"icon-box.default\">\n\t\t\t\t<div class=\"elementor-widget-container\">\n\t\t\t\t\t\t\t<div class=\"elementor-icon-box-wrapper\">\n\n\t\t\t\t\t\t<div class=\"elementor-icon-box-icon\">\n\t\t\t\t<span  class=\"elementor-icon\">\n\t\t\t\t<svg xmlns=\"http:\/\/www.w3.org\/2000\/svg\" viewbox=\"0 0 512 512\"><path d=\"M0 256a256 256 0 1 1 512 0A256 256 0 1 1 0 256zM223.6 129.2c-12.6-4.2-26.2 2.6-30.4 15.2l-48 144c-2.4 7.3-1.2 15.4 3.3 21.6s11.8 10 19.5 10H272v40c0 13.3 10.7 24 24 24s24-10.7 24-24V320h8c13.3 0 24-10.7 24-24s-10.7-24-24-24h-8V216c0-13.3-10.7-24-24-24s-24 10.7-24 24v56H201.3l37.5-112.4c4.2-12.6-2.6-26.2-15.2-30.4z\"><\/path><\/svg>\t\t\t\t<\/span>\n\t\t\t<\/div>\n\t\t\t\n\t\t\t\t\t\t<div class=\"elementor-icon-box-content\">\n\n\t\t\t\t\t\t\t\t\t<h4 class=\"elementor-icon-box-title\">\n\t\t\t\t\t\t<span  >\n\t\t\t\t\t\t\tUDF\u00d8RELSE OG IDRIFTS\u00c6TTELSE\t\t\t\t\t\t<\/span>\n\t\t\t\t\t<\/h4>\n\t\t\t\t\n\t\t\t\t\t\t\t\t\t<p class=\"elementor-icon-box-description\">\n\t\t\t\t\t\tVi overv\u00e5ger installationen, testningen og idrifts\u00e6ttelsen af dine systemer og garanterer, at de lever op til de h\u00f8jeste standarder.\t\t\t\t\t<\/p>\n\t\t\t\t\n\t\t\t<\/div>\n\t\t\t\n\t\t<\/div>\n\t\t\t\t\t\t<\/div>\n\t\t\t\t<\/div>\n\t\t\t\t<div class=\"elementor-element elementor-element-9d78ee2 elementor-view-default elementor-position-block-start elementor-mobile-position-block-start elementor-widget elementor-widget-icon-box\" data-id=\"9d78ee2\" data-element_type=\"widget\" data-e-type=\"widget\" data-widget_type=\"icon-box.default\">\n\t\t\t\t<div class=\"elementor-widget-container\">\n\t\t\t\t\t\t\t<div class=\"elementor-icon-box-wrapper\">\n\n\t\t\t\t\t\t<div class=\"elementor-icon-box-icon\">\n\t\t\t\t<span  class=\"elementor-icon\">\n\t\t\t\t<svg xmlns=\"http:\/\/www.w3.org\/2000\/svg\" viewbox=\"0 0 512 512\"><path d=\"M256 512A256 256 0 1 0 256 0a256 256 0 1 0 0 512zM208 128H312c13.3 0 24 10.7 24 24s-10.7 24-24 24H228l-7.8 43 61.4 6.9c40.1 4.5 70.4 38.4 70.4 78.8c0 43.8-35.5 79.3-79.3 79.3h-36c-27.5 0-53.3-13.7-68.6-36.6l-4.1-6.1c-7.4-11-4.5-25.9 6.5-33.3s25.9-4.5 33.3 6.5l4.1 6.1c6.4 9.6 17.2 15.3 28.8 15.3h36c17.3 0 31.3-14 31.3-31.3c0-15.9-12-29.3-27.8-31.1l-86.9-9.8c-6.6-.7-12.6-4.2-16.6-9.5s-5.5-12.1-4.4-18.6l16-88c2.1-11.4 12-19.7 23.6-19.7z\"><\/path><\/svg>\t\t\t\t<\/span>\n\t\t\t<\/div>\n\t\t\t\n\t\t\t\t\t\t<div class=\"elementor-icon-box-content\">\n\n\t\t\t\t\t\t\t\t\t<h4 class=\"elementor-icon-box-title\">\n\t\t\t\t\t\t<span  >\n\t\t\t\t\t\t\tL\u00d8BENDE SUPPORT\t\t\t\t\t\t<\/span>\n\t\t\t\t\t<\/h4>\n\t\t\t\t\n\t\t\t\t\t\t\t\t\t<p class=\"elementor-icon-box-description\">\n\t\t\t\t\t\tVores engagement stopper ikke ved implementeringen. Vi tilbyder l\u00f8bende support og vedligeholdelse for at sikre langvarig succes.\t\t\t\t\t<\/p>\n\t\t\t\t\n\t\t\t<\/div>\n\t\t\t\n\t\t<\/div>\n\t\t\t\t\t\t<\/div>\n\t\t\t\t<\/div>\n\t\t\t\t\t<\/div>\n\t\t\t\t<\/div>\n\t\t\t\t<\/div>","protected":false},"excerpt":{"rendered":"<p>FROM IDEA TO IMPLEMENTATION At Process Design Partners, we guide you every step of the way, from the initial concept to the successful execution of your project. Our interdisciplinary team of experts collaborates closely with you to transform your ideas into practical, efficient, and innovative solutions. working with us With Process Design Partners, you have [&hellip;]<\/p>\n","protected":false},"author":1,"featured_media":0,"parent":0,"menu_order":0,"comment_status":"closed","ping_status":"closed","template":"","meta":{"footnotes":""},"class_list":["post-1503","page","type-page","status-publish","hentry"],"yoast_head":"<!-- This site is optimized with the Yoast SEO plugin v27.4 - https:\/\/yoast.com\/product\/yoast-seo-wordpress\/ -->\n<title>From idea to implementation - Process Design Partners<\/title>\n<meta name=\"robots\" content=\"index, follow, max-snippet:-1, max-image-preview:large, max-video-preview:-1\" \/>\n<link rel=\"canonical\" href=\"https:\/\/processdesignpartners.com\/da\/from-idea-to-implementation\/\" \/>\n<meta property=\"og:locale\" content=\"da_DK\" \/>\n<meta property=\"og:type\" content=\"article\" \/>\n<meta property=\"og:title\" content=\"From idea to implementation - Process Design Partners\" \/>\n<meta property=\"og:description\" content=\"FROM IDEA TO IMPLEMENTATION At Process Design Partners, we guide you every step of the way, from the initial concept to the successful execution of your project. Our interdisciplinary team of experts collaborates closely with you to transform your ideas into practical, efficient, and innovative solutions. working with us With Process Design Partners, you have [&hellip;]\" \/>\n<meta property=\"og:url\" content=\"https:\/\/processdesignpartners.com\/da\/from-idea-to-implementation\/\" \/>\n<meta property=\"og:site_name\" content=\"Process Design Partners\" \/>\n<meta property=\"article:modified_time\" content=\"2024-10-15T06:53:19+00:00\" \/>\n<meta name=\"twitter:card\" content=\"summary_large_image\" \/>\n<meta name=\"twitter:label1\" content=\"Estimeret l\u00e6setid\" \/>\n\t<meta name=\"twitter:data1\" content=\"1 minut\" \/>\n<script type=\"application\/ld+json\" class=\"yoast-schema-graph\">{\"@context\":\"https:\\\/\\\/schema.org\",\"@graph\":[{\"@type\":\"WebPage\",\"@id\":\"https:\\\/\\\/processdesignpartners.com\\\/from-idea-to-implementation\\\/\",\"url\":\"https:\\\/\\\/processdesignpartners.com\\\/from-idea-to-implementation\\\/\",\"name\":\"From idea to implementation - Process Design Partners\",\"isPartOf\":{\"@id\":\"https:\\\/\\\/processdesignpartners.com\\\/#website\"},\"datePublished\":\"2024-06-12T08:51:25+00:00\",\"dateModified\":\"2024-10-15T06:53:19+00:00\",\"inLanguage\":\"da-DK\",\"potentialAction\":[{\"@type\":\"ReadAction\",\"target\":[\"https:\\\/\\\/processdesignpartners.com\\\/from-idea-to-implementation\\\/\"]}]},{\"@type\":\"WebSite\",\"@id\":\"https:\\\/\\\/processdesignpartners.com\\\/#website\",\"url\":\"https:\\\/\\\/processdesignpartners.com\\\/\",\"name\":\"Process Design Partners\",\"description\":\"\",\"publisher\":{\"@id\":\"https:\\\/\\\/processdesignpartners.com\\\/#organization\"},\"potentialAction\":[{\"@type\":\"SearchAction\",\"target\":{\"@type\":\"EntryPoint\",\"urlTemplate\":\"https:\\\/\\\/processdesignpartners.com\\\/?s={search_term_string}\"},\"query-input\":{\"@type\":\"PropertyValueSpecification\",\"valueRequired\":true,\"valueName\":\"search_term_string\"}}],\"inLanguage\":\"da-DK\"},{\"@type\":\"Organization\",\"@id\":\"https:\\\/\\\/processdesignpartners.com\\\/#organization\",\"name\":\"Process Design Partners\",\"url\":\"https:\\\/\\\/processdesignpartners.com\\\/\",\"logo\":{\"@type\":\"ImageObject\",\"inLanguage\":\"da-DK\",\"@id\":\"https:\\\/\\\/processdesignpartners.com\\\/#\\\/schema\\\/logo\\\/image\\\/\",\"url\":\"https:\\\/\\\/processdesignpartners.com\\\/wp-content\\\/uploads\\\/LOGOPDP_TEXT.png\",\"contentUrl\":\"https:\\\/\\\/processdesignpartners.com\\\/wp-content\\\/uploads\\\/LOGOPDP_TEXT.png\",\"width\":2048,\"height\":931,\"caption\":\"Process Design Partners\"},\"image\":{\"@id\":\"https:\\\/\\\/processdesignpartners.com\\\/#\\\/schema\\\/logo\\\/image\\\/\"}}]}<\/script>\n<!-- \/ Yoast SEO plugin. -->","yoast_head_json":{"title":"From idea to implementation - Process Design Partners","robots":{"index":"index","follow":"follow","max-snippet":"max-snippet:-1","max-image-preview":"max-image-preview:large","max-video-preview":"max-video-preview:-1"},"canonical":"https:\/\/processdesignpartners.com\/da\/from-idea-to-implementation\/","og_locale":"da_DK","og_type":"article","og_title":"From idea to implementation - Process Design Partners","og_description":"FROM IDEA TO IMPLEMENTATION At Process Design Partners, we guide you every step of the way, from the initial concept to the successful execution of your project. Our interdisciplinary team of experts collaborates closely with you to transform your ideas into practical, efficient, and innovative solutions. working with us With Process Design Partners, you have [&hellip;]","og_url":"https:\/\/processdesignpartners.com\/da\/from-idea-to-implementation\/","og_site_name":"Process Design Partners","article_modified_time":"2024-10-15T06:53:19+00:00","twitter_card":"summary_large_image","twitter_misc":{"Estimeret l\u00e6setid":"1 minut"},"schema":{"@context":"https:\/\/schema.org","@graph":[{"@type":"WebPage","@id":"https:\/\/processdesignpartners.com\/from-idea-to-implementation\/","url":"https:\/\/processdesignpartners.com\/from-idea-to-implementation\/","name":"From idea to implementation - Process Design Partners","isPartOf":{"@id":"https:\/\/processdesignpartners.com\/#website"},"datePublished":"2024-06-12T08:51:25+00:00","dateModified":"2024-10-15T06:53:19+00:00","inLanguage":"da-DK","potentialAction":[{"@type":"ReadAction","target":["https:\/\/processdesignpartners.com\/from-idea-to-implementation\/"]}]},{"@type":"WebSite","@id":"https:\/\/processdesignpartners.com\/#website","url":"https:\/\/processdesignpartners.com\/","name":"Process Design Partners","description":"","publisher":{"@id":"https:\/\/processdesignpartners.com\/#organization"},"potentialAction":[{"@type":"SearchAction","target":{"@type":"EntryPoint","urlTemplate":"https:\/\/processdesignpartners.com\/?s={search_term_string}"},"query-input":{"@type":"PropertyValueSpecification","valueRequired":true,"valueName":"search_term_string"}}],"inLanguage":"da-DK"},{"@type":"Organization","@id":"https:\/\/processdesignpartners.com\/#organization","name":"Process Design Partners","url":"https:\/\/processdesignpartners.com\/","logo":{"@type":"ImageObject","inLanguage":"da-DK","@id":"https:\/\/processdesignpartners.com\/#\/schema\/logo\/image\/","url":"https:\/\/processdesignpartners.com\/wp-content\/uploads\/LOGOPDP_TEXT.png","contentUrl":"https:\/\/processdesignpartners.com\/wp-content\/uploads\/LOGOPDP_TEXT.png","width":2048,"height":931,"caption":"Process Design Partners"},"image":{"@id":"https:\/\/processdesignpartners.com\/#\/schema\/logo\/image\/"}}]}},"_links":{"self":[{"href":"https:\/\/processdesignpartners.com\/da\/wp-json\/wp\/v2\/pages\/1503","targetHints":{"allow":["GET"]}}],"collection":[{"href":"https:\/\/processdesignpartners.com\/da\/wp-json\/wp\/v2\/pages"}],"about":[{"href":"https:\/\/processdesignpartners.com\/da\/wp-json\/wp\/v2\/types\/page"}],"author":[{"embeddable":true,"href":"https:\/\/processdesignpartners.com\/da\/wp-json\/wp\/v2\/users\/1"}],"replies":[{"embeddable":true,"href":"https:\/\/processdesignpartners.com\/da\/wp-json\/wp\/v2\/comments?post=1503"}],"version-history":[{"count":19,"href":"https:\/\/processdesignpartners.com\/da\/wp-json\/wp\/v2\/pages\/1503\/revisions"}],"predecessor-version":[{"id":1766,"href":"https:\/\/processdesignpartners.com\/da\/wp-json\/wp\/v2\/pages\/1503\/revisions\/1766"}],"wp:attachment":[{"href":"https:\/\/processdesignpartners.com\/da\/wp-json\/wp\/v2\/media?parent=1503"}],"curies":[{"name":"wp","href":"https:\/\/api.w.org\/{rel}","templated":true}]}}