{"id":1501,"date":"2024-06-12T10:50:46","date_gmt":"2024-06-12T08:50:46","guid":{"rendered":"https:\/\/processdesignpartners.com\/?page_id=1501"},"modified":"2025-02-04T13:34:15","modified_gmt":"2025-02-04T12:34:15","slug":"components","status":"publish","type":"page","link":"https:\/\/processdesignpartners.com\/da\/components\/","title":{"rendered":"Komponenter"},"content":{"rendered":"<div data-elementor-type=\"wp-page\" data-elementor-id=\"1501\" class=\"elementor elementor-1501\" data-elementor-post-type=\"page\">\n\t\t\t\t<div class=\"elementor-element elementor-element-728b3b1 e-flex e-con-boxed e-con e-parent\" data-id=\"728b3b1\" data-element_type=\"container\" data-e-type=\"container\" data-settings=\"{&quot;background_background&quot;:&quot;classic&quot;}\">\n\t\t\t\t\t<div class=\"e-con-inner\">\n\t\t<div class=\"elementor-element elementor-element-2480f13 e-flex e-con-boxed e-con e-child\" data-id=\"2480f13\" data-element_type=\"container\" data-e-type=\"container\" data-settings=\"{&quot;background_background&quot;:&quot;classic&quot;}\">\n\t\t\t\t\t<div class=\"e-con-inner\">\n\t\t<div class=\"elementor-element elementor-element-5fa67c1 e-flex e-con-boxed e-con e-child\" data-id=\"5fa67c1\" data-element_type=\"container\" data-e-type=\"container\">\n\t\t\t\t\t<div class=\"e-con-inner\">\n\t\t\t\t<div class=\"elementor-element elementor-element-5cc77e4 elementor-widget elementor-widget-heading\" data-id=\"5cc77e4\" data-element_type=\"widget\" data-e-type=\"widget\" data-widget_type=\"heading.default\">\n\t\t\t\t<div class=\"elementor-widget-container\">\n\t\t\t\t\t<h1 class=\"elementor-heading-title elementor-size-default\">KOMPONENTER<\/h1>\t\t\t\t<\/div>\n\t\t\t\t<\/div>\n\t\t\t\t\t<\/div>\n\t\t\t\t<\/div>\n\t\t<div class=\"elementor-element elementor-element-9346412 e-flex e-con-boxed e-con e-child\" data-id=\"9346412\" data-element_type=\"container\" data-e-type=\"container\">\n\t\t\t\t\t<div class=\"e-con-inner\">\n\t\t<div class=\"elementor-element elementor-element-f997be6 e-flex e-con-boxed e-con e-child\" data-id=\"f997be6\" data-element_type=\"container\" data-e-type=\"container\" data-settings=\"{&quot;background_background&quot;:&quot;classic&quot;}\">\n\t\t\t\t\t<div class=\"e-con-inner\">\n\t\t\t\t<div class=\"elementor-element elementor-element-c34a1f5 elementor-widget elementor-widget-heading\" data-id=\"c34a1f5\" data-element_type=\"widget\" data-e-type=\"widget\" data-widget_type=\"heading.default\">\n\t\t\t\t<div class=\"elementor-widget-container\">\n\t\t\t\t\t<h3 class=\"elementor-heading-title elementor-size-default\">Hos Process Design Partners tilbyder vi en omfattende r\u00e6kke af komponenter, der er skr\u00e6ddersyet til at im\u00f8dekomme de unikke behov i f\u00f8devareindustrien.<\/h3>\t\t\t\t<\/div>\n\t\t\t\t<\/div>\n\t\t\t\t\t<\/div>\n\t\t\t\t<\/div>\n\t\t\t\t\t<\/div>\n\t\t\t\t<\/div>\n\t\t\t\t\t<\/div>\n\t\t\t\t<\/div>\n\t\t\t\t\t<\/div>\n\t\t\t\t<\/div>\n\t\t<div class=\"elementor-element elementor-element-8787ba6 e-flex e-con-boxed e-con e-parent\" data-id=\"8787ba6\" data-element_type=\"container\" data-e-type=\"container\">\n\t\t\t\t\t<div class=\"e-con-inner\">\n\t\t<div class=\"elementor-element elementor-element-4cfafc9 e-con-full e-flex e-con e-child\" data-id=\"4cfafc9\" data-element_type=\"container\" data-e-type=\"container\" data-settings=\"{&quot;background_background&quot;:&quot;classic&quot;}\">\n\t\t\t\t<div class=\"elementor-element elementor-element-a02464d elementor-widget elementor-widget-heading\" data-id=\"a02464d\" data-element_type=\"widget\" data-e-type=\"widget\" data-widget_type=\"heading.default\">\n\t\t\t\t<div class=\"elementor-widget-container\">\n\t\t\t\t\t<h3 class=\"elementor-heading-title elementor-size-default\">CONTINUOUS VAPOR INJECTOR (CVI)<\/h3>\t\t\t\t<\/div>\n\t\t\t\t<\/div>\n\t\t\t\t<div class=\"elementor-element elementor-element-d9957f3 elementor-widget elementor-widget-text-editor\" data-id=\"d9957f3\" data-element_type=\"widget\" data-e-type=\"widget\" data-widget_type=\"text-editor.default\">\n\t\t\t\t<div class=\"elementor-widget-container\">\n\t\t\t\t\t\t\t\t\t<p>Vores dampinjektor g\u00f8r ikke meget v\u00e6sen af sig \u2013 og det er helt bevidst. Dens design lever op til moderne st\u00f8jkrav, hvilket sikrer en diskret og effektiv drift. Med ingen eller meget lav kavitation behandles produktet sk\u00e5nsomt, samtidig med at det opvarmes n\u00e6sten \u00f8jeblikkeligt.<\/p><p>Dampinjektoren er yderst servicevenlig, da den kun best\u00e5r af fire st\u00e5ldele og fire O-ringe. Den kan tilpasses specifikke behov og designes til b\u00e5de lav- og h\u00f8jtryksdampapplikationer med kapaciteter fra 1.000 l\/t til 120.000 l\/t.<\/p>\t\t\t\t\t\t\t\t<\/div>\n\t\t\t\t<\/div>\n\t\t\t\t<div class=\"elementor-element elementor-element-8a37c63 elementor-widget elementor-widget-button\" data-id=\"8a37c63\" data-element_type=\"widget\" data-e-type=\"widget\" data-widget_type=\"button.default\">\n\t\t\t\t<div class=\"elementor-widget-container\">\n\t\t\t\t\t\t\t\t\t<div class=\"elementor-button-wrapper\">\n\t\t\t\t\t<a class=\"elementor-button elementor-button-link elementor-size-sm\" href=\"https:\/\/processdesignpartners.com\/da\/components\/continuous-vapor-injector-cvi\/\">\n\t\t\t\t\t\t<span class=\"elementor-button-content-wrapper\">\n\t\t\t\t\t\t\t\t\t<span class=\"elementor-button-text\">KONTAKT OS FOR MERE INFORMATION<\/span>\n\t\t\t\t\t<\/span>\n\t\t\t\t\t<\/a>\n\t\t\t\t<\/div>\n\t\t\t\t\t\t\t\t<\/div>\n\t\t\t\t<\/div>\n\t\t\t\t<\/div>\n\t\t<div class=\"elementor-element elementor-element-174a8df e-con-full e-flex e-con e-child\" data-id=\"174a8df\" data-element_type=\"container\" data-e-type=\"container\" data-settings=\"{&quot;background_background&quot;:&quot;classic&quot;}\">\n\t\t\t\t<\/div>\n\t\t\t\t\t<\/div>\n\t\t\t\t<\/div>\n\t\t<div class=\"elementor-element elementor-element-cb9311c e-flex e-con-boxed e-con e-parent\" data-id=\"cb9311c\" data-element_type=\"container\" data-e-type=\"container\">\n\t\t\t\t\t<div class=\"e-con-inner\">\n\t\t<div class=\"elementor-element elementor-element-1be90a6 e-con-full e-flex e-con e-child\" data-id=\"1be90a6\" data-element_type=\"container\" data-e-type=\"container\" data-settings=\"{&quot;background_background&quot;:&quot;classic&quot;}\">\n\t\t\t\t<div class=\"elementor-element elementor-element-35c9ddc elementor-widget elementor-widget-heading\" data-id=\"35c9ddc\" data-element_type=\"widget\" data-e-type=\"widget\" data-widget_type=\"heading.default\">\n\t\t\t\t<div class=\"elementor-widget-container\">\n\t\t\t\t\t<h3 class=\"elementor-heading-title elementor-size-default\">CONTINUOUS ABSORPTION HEATER (CAH)<\/h3>\t\t\t\t<\/div>\n\t\t\t\t<\/div>\n\t\t\t\t<div class=\"elementor-element elementor-element-490262c elementor-widget elementor-widget-text-editor\" data-id=\"490262c\" data-element_type=\"widget\" data-e-type=\"widget\" data-widget_type=\"text-editor.default\">\n\t\t\t\t<div class=\"elementor-widget-container\">\n\t\t\t\t\t\t\t\t\t<p>Form\u00e5let med dette kammer, kendt som et infusionskammer, er at levere en l\u00f8sning inden for direkte opvarmning. Her introduceres produktet til en m\u00e6ttet dampatmosf\u00e6re under et tryk t\u00e6t p\u00e5 fort\u00e6tningspunktet for produktets \u00f8nskede sluttemperatur.<\/p><p>CAH er designet til b\u00e5de lave og h\u00f8je temperaturomr\u00e5der og er ideel til energibesparende l\u00f8sninger. Samtidig optimerer den opvarmningsprocessen, hvilket reducerer risikoen for bakteriev\u00e6kst markant.<\/p><p>Vores patenterede CAH-l\u00f8sning er udviklet med fokus p\u00e5 energibesparelser og milj\u00f8hensyn. Den muligg\u00f8r l\u00e6ngere driftstider og udvidede intervaller mellem reng\u00f8ring, hvilket resulterer i v\u00e6sentlige besparelser p\u00e5 vand, energi og kemikalier.<\/p>\t\t\t\t\t\t\t\t<\/div>\n\t\t\t\t<\/div>\n\t\t\t\t<div class=\"elementor-element elementor-element-78ef456 elementor-widget elementor-widget-button\" data-id=\"78ef456\" data-element_type=\"widget\" data-e-type=\"widget\" data-widget_type=\"button.default\">\n\t\t\t\t<div class=\"elementor-widget-container\">\n\t\t\t\t\t\t\t\t\t<div class=\"elementor-button-wrapper\">\n\t\t\t\t\t<a class=\"elementor-button elementor-button-link elementor-size-sm\" href=\"https:\/\/processdesignpartners.com\/da\/contact\/\">\n\t\t\t\t\t\t<span class=\"elementor-button-content-wrapper\">\n\t\t\t\t\t\t\t\t\t<span class=\"elementor-button-text\">KONTAKT OS FOR MERE INFORMATION<\/span>\n\t\t\t\t\t<\/span>\n\t\t\t\t\t<\/a>\n\t\t\t\t<\/div>\n\t\t\t\t\t\t\t\t<\/div>\n\t\t\t\t<\/div>\n\t\t\t\t<\/div>\n\t\t<div class=\"elementor-element elementor-element-a97f9da e-con-full e-flex e-con e-child\" data-id=\"a97f9da\" data-element_type=\"container\" data-e-type=\"container\" data-settings=\"{&quot;background_background&quot;:&quot;classic&quot;}\">\n\t\t\t\t<\/div>\n\t\t\t\t\t<\/div>\n\t\t\t\t<\/div>\n\t\t<div class=\"elementor-element elementor-element-21e7ca4 e-flex e-con-boxed e-con e-parent\" data-id=\"21e7ca4\" data-element_type=\"container\" data-e-type=\"container\">\n\t\t\t\t\t<div class=\"e-con-inner\">\n\t\t<div class=\"elementor-element elementor-element-fa168c7 e-con-full e-flex e-con e-child\" data-id=\"fa168c7\" data-element_type=\"container\" data-e-type=\"container\" data-settings=\"{&quot;background_background&quot;:&quot;classic&quot;}\">\n\t\t\t\t<div class=\"elementor-element elementor-element-878706b elementor-widget elementor-widget-heading\" data-id=\"878706b\" data-element_type=\"widget\" data-e-type=\"widget\" data-widget_type=\"heading.default\">\n\t\t\t\t<div class=\"elementor-widget-container\">\n\t\t\t\t\t<h3 class=\"elementor-heading-title elementor-size-default\">CONTINUOUS STREAM LINER (CSL)<\/h3>\t\t\t\t<\/div>\n\t\t\t\t<\/div>\n\t\t\t\t<div class=\"elementor-element elementor-element-6c9bb82 elementor-widget elementor-widget-text-editor\" data-id=\"6c9bb82\" data-element_type=\"widget\" data-e-type=\"widget\" data-widget_type=\"text-editor.default\">\n\t\t\t\t<div class=\"elementor-widget-container\">\n\t\t\t\t\t\t\t\t\t<p>Det patenterede CSL-design er udviklet til proceslinjer, hvor flowet p\u00e5virkes af homogenisatorer, h\u00f8jtrykspumper eller andet pulserende udstyr.<\/p><p>I s\u00e5danne tilf\u00e6lde sikrer CSL en udj\u00e6vning af flowvariationer, hvilket stabiliserer produktionen og reducerer servicebehovet for de omkringliggende komponenter i proceslinjen.<\/p><p>CSL er desuden designet med mulighed for direkte inspektion uden brug af skyllemedie. Dette bidrager til betydelige besparelser p\u00e5 b\u00e5de installations- og driftsomkostninger sammenlignet med tilsvarende komponenter, der kr\u00e6ver skyllemedier.<\/p>\t\t\t\t\t\t\t\t<\/div>\n\t\t\t\t<\/div>\n\t\t\t\t<div class=\"elementor-element elementor-element-61fecf6 elementor-widget elementor-widget-button\" data-id=\"61fecf6\" data-element_type=\"widget\" data-e-type=\"widget\" data-widget_type=\"button.default\">\n\t\t\t\t<div class=\"elementor-widget-container\">\n\t\t\t\t\t\t\t\t\t<div class=\"elementor-button-wrapper\">\n\t\t\t\t\t<a class=\"elementor-button elementor-button-link elementor-size-sm\" href=\"https:\/\/processdesignpartners.com\/da\/contact\/\">\n\t\t\t\t\t\t<span class=\"elementor-button-content-wrapper\">\n\t\t\t\t\t\t\t\t\t<span class=\"elementor-button-text\">KONTAKT OS FOR MERE INFORMATION<\/span>\n\t\t\t\t\t<\/span>\n\t\t\t\t\t<\/a>\n\t\t\t\t<\/div>\n\t\t\t\t\t\t\t\t<\/div>\n\t\t\t\t<\/div>\n\t\t\t\t<\/div>\n\t\t<div class=\"elementor-element elementor-element-bee85ea e-con-full e-flex e-con e-child\" data-id=\"bee85ea\" data-element_type=\"container\" data-e-type=\"container\" data-settings=\"{&quot;background_background&quot;:&quot;classic&quot;}\">\n\t\t\t\t<\/div>\n\t\t\t\t\t<\/div>\n\t\t\t\t<\/div>\n\t\t<div class=\"elementor-element elementor-element-dd86226 e-flex e-con-boxed e-con e-parent\" data-id=\"dd86226\" data-element_type=\"container\" data-e-type=\"container\">\n\t\t\t\t\t<div class=\"e-con-inner\">\n\t\t<div class=\"elementor-element elementor-element-699d661 e-con-full e-flex e-con e-child\" data-id=\"699d661\" data-element_type=\"container\" data-e-type=\"container\" data-settings=\"{&quot;background_background&quot;:&quot;classic&quot;}\">\n\t\t\t\t<div class=\"elementor-element elementor-element-5fbb21d elementor-widget elementor-widget-heading\" data-id=\"5fbb21d\" data-element_type=\"widget\" data-e-type=\"widget\" data-widget_type=\"heading.default\">\n\t\t\t\t<div class=\"elementor-widget-container\">\n\t\t\t\t\t<h3 class=\"elementor-heading-title elementor-size-default\">CONTINUOUS AIR EXTRACTOR (CAE)<\/h3>\t\t\t\t<\/div>\n\t\t\t\t<\/div>\n\t\t\t\t<div class=\"elementor-element elementor-element-a01f452 elementor-widget elementor-widget-text-editor\" data-id=\"a01f452\" data-element_type=\"widget\" data-e-type=\"widget\" data-widget_type=\"text-editor.default\">\n\t\t\t\t<div class=\"elementor-widget-container\">\n\t\t\t\t\t\t\t\t\t<p>Vores CAE-design repr\u00e6senterer et innovativt Venturi-baseret afluftningssystem, hvor afluftertanken er udstyret med en patenteret dyse, der skaber Venturi-effekten, n\u00e5r produktet frigives i tanken.<\/p><p>Grundprincipperne i aflufteren bygger p\u00e5 lavt tryk, j\u00e6vn fordeling af produktet, optimal produkttemperatur og opholdstid i afluftertanken, hvilket effektivt fjerner luften fra produktet.<\/p><p>Forskellen ligger i detaljen: Produktintroduktionen i atmosf\u00e6ren er en kontrolleret, accelereret proces, efterfulgt af en pr\u00e6cist defineret \u2018polering\u2019, der sikrer en fuldst\u00e6ndig hovedafluftning.<\/p><p>CAE-designet og den patenterede dyse er justerbare og kan optimeres til en bred vifte af produkter og kapaciteter. Denne fleksibilitet sikrer, at den korrekte hastighed opn\u00e5s, hvilket er afg\u00f8rende for at levere optimale resultater \u2013 selv med de mest udfordrende produkter.<\/p>\t\t\t\t\t\t\t\t<\/div>\n\t\t\t\t<\/div>\n\t\t\t\t<div class=\"elementor-element elementor-element-209010c elementor-widget elementor-widget-button\" data-id=\"209010c\" data-element_type=\"widget\" data-e-type=\"widget\" data-widget_type=\"button.default\">\n\t\t\t\t<div class=\"elementor-widget-container\">\n\t\t\t\t\t\t\t\t\t<div class=\"elementor-button-wrapper\">\n\t\t\t\t\t<a class=\"elementor-button elementor-button-link elementor-size-sm\" href=\"https:\/\/processdesignpartners.com\/da\/contact\/\">\n\t\t\t\t\t\t<span class=\"elementor-button-content-wrapper\">\n\t\t\t\t\t\t\t\t\t<span class=\"elementor-button-text\">KONTAKT OS FOR MERE INFORMATION<\/span>\n\t\t\t\t\t<\/span>\n\t\t\t\t\t<\/a>\n\t\t\t\t<\/div>\n\t\t\t\t\t\t\t\t<\/div>\n\t\t\t\t<\/div>\n\t\t\t\t<\/div>\n\t\t<div class=\"elementor-element elementor-element-256b95b e-con-full e-flex e-con e-child\" data-id=\"256b95b\" data-element_type=\"container\" data-e-type=\"container\" data-settings=\"{&quot;background_background&quot;:&quot;classic&quot;}\">\n\t\t\t\t<\/div>\n\t\t\t\t\t<\/div>\n\t\t\t\t<\/div>\n\t\t\t\t<\/div>","protected":false},"excerpt":{"rendered":"<p>COMPONENTS At Process Design Partners, we offer a comprehensive range of engineering services and products tailored to meet the unique needs of the food and processing industry. CONTINUOUS VAPOR INJECTOR (CVI) We are not making excessive noise, so\u2026.. This very silent steam injector complies with modern noise standards, None or very low cavitation means that [&hellip;]<\/p>\n","protected":false},"author":1,"featured_media":0,"parent":0,"menu_order":0,"comment_status":"closed","ping_status":"closed","template":"","meta":{"footnotes":""},"class_list":["post-1501","page","type-page","status-publish","hentry"],"yoast_head":"<!-- This site is optimized with the Yoast SEO plugin v27.4 - https:\/\/yoast.com\/product\/yoast-seo-wordpress\/ -->\n<title>Components - Process Design Partners<\/title>\n<meta name=\"robots\" content=\"index, follow, max-snippet:-1, max-image-preview:large, max-video-preview:-1\" \/>\n<link rel=\"canonical\" href=\"https:\/\/processdesignpartners.com\/da\/components\/\" \/>\n<meta property=\"og:locale\" content=\"da_DK\" \/>\n<meta property=\"og:type\" content=\"article\" \/>\n<meta property=\"og:title\" content=\"Components - Process Design Partners\" \/>\n<meta property=\"og:description\" content=\"COMPONENTS At Process Design Partners, we offer a comprehensive range of engineering services and products tailored to meet the unique needs of the food and processing industry. CONTINUOUS VAPOR INJECTOR (CVI) We are not making excessive noise, so\u2026.. This very silent steam injector complies with modern noise standards, None or very low cavitation means that [&hellip;]\" \/>\n<meta property=\"og:url\" content=\"https:\/\/processdesignpartners.com\/da\/components\/\" \/>\n<meta property=\"og:site_name\" content=\"Process Design Partners\" \/>\n<meta property=\"article:modified_time\" content=\"2025-02-04T12:34:15+00:00\" \/>\n<meta name=\"twitter:card\" content=\"summary_large_image\" \/>\n<meta name=\"twitter:label1\" content=\"Estimeret l\u00e6setid\" \/>\n\t<meta name=\"twitter:data1\" content=\"3 minutter\" \/>\n<script type=\"application\/ld+json\" class=\"yoast-schema-graph\">{\"@context\":\"https:\\\/\\\/schema.org\",\"@graph\":[{\"@type\":\"WebPage\",\"@id\":\"https:\\\/\\\/processdesignpartners.com\\\/components\\\/\",\"url\":\"https:\\\/\\\/processdesignpartners.com\\\/components\\\/\",\"name\":\"Components - Process Design Partners\",\"isPartOf\":{\"@id\":\"https:\\\/\\\/processdesignpartners.com\\\/#website\"},\"datePublished\":\"2024-06-12T08:50:46+00:00\",\"dateModified\":\"2025-02-04T12:34:15+00:00\",\"inLanguage\":\"da-DK\",\"potentialAction\":[{\"@type\":\"ReadAction\",\"target\":[\"https:\\\/\\\/processdesignpartners.com\\\/components\\\/\"]}]},{\"@type\":\"WebSite\",\"@id\":\"https:\\\/\\\/processdesignpartners.com\\\/#website\",\"url\":\"https:\\\/\\\/processdesignpartners.com\\\/\",\"name\":\"Process Design Partners\",\"description\":\"\",\"publisher\":{\"@id\":\"https:\\\/\\\/processdesignpartners.com\\\/#organization\"},\"potentialAction\":[{\"@type\":\"SearchAction\",\"target\":{\"@type\":\"EntryPoint\",\"urlTemplate\":\"https:\\\/\\\/processdesignpartners.com\\\/?s={search_term_string}\"},\"query-input\":{\"@type\":\"PropertyValueSpecification\",\"valueRequired\":true,\"valueName\":\"search_term_string\"}}],\"inLanguage\":\"da-DK\"},{\"@type\":\"Organization\",\"@id\":\"https:\\\/\\\/processdesignpartners.com\\\/#organization\",\"name\":\"Process Design Partners\",\"url\":\"https:\\\/\\\/processdesignpartners.com\\\/\",\"logo\":{\"@type\":\"ImageObject\",\"inLanguage\":\"da-DK\",\"@id\":\"https:\\\/\\\/processdesignpartners.com\\\/#\\\/schema\\\/logo\\\/image\\\/\",\"url\":\"https:\\\/\\\/processdesignpartners.com\\\/wp-content\\\/uploads\\\/LOGOPDP_TEXT.png\",\"contentUrl\":\"https:\\\/\\\/processdesignpartners.com\\\/wp-content\\\/uploads\\\/LOGOPDP_TEXT.png\",\"width\":2048,\"height\":931,\"caption\":\"Process Design Partners\"},\"image\":{\"@id\":\"https:\\\/\\\/processdesignpartners.com\\\/#\\\/schema\\\/logo\\\/image\\\/\"}}]}<\/script>\n<!-- \/ Yoast SEO plugin. -->","yoast_head_json":{"title":"Components - Process Design Partners","robots":{"index":"index","follow":"follow","max-snippet":"max-snippet:-1","max-image-preview":"max-image-preview:large","max-video-preview":"max-video-preview:-1"},"canonical":"https:\/\/processdesignpartners.com\/da\/components\/","og_locale":"da_DK","og_type":"article","og_title":"Components - Process Design Partners","og_description":"COMPONENTS At Process Design Partners, we offer a comprehensive range of engineering services and products tailored to meet the unique needs of the food and processing industry. CONTINUOUS VAPOR INJECTOR (CVI) We are not making excessive noise, so\u2026.. This very silent steam injector complies with modern noise standards, None or very low cavitation means that [&hellip;]","og_url":"https:\/\/processdesignpartners.com\/da\/components\/","og_site_name":"Process Design Partners","article_modified_time":"2025-02-04T12:34:15+00:00","twitter_card":"summary_large_image","twitter_misc":{"Estimeret l\u00e6setid":"3 minutter"},"schema":{"@context":"https:\/\/schema.org","@graph":[{"@type":"WebPage","@id":"https:\/\/processdesignpartners.com\/components\/","url":"https:\/\/processdesignpartners.com\/components\/","name":"Components - Process Design Partners","isPartOf":{"@id":"https:\/\/processdesignpartners.com\/#website"},"datePublished":"2024-06-12T08:50:46+00:00","dateModified":"2025-02-04T12:34:15+00:00","inLanguage":"da-DK","potentialAction":[{"@type":"ReadAction","target":["https:\/\/processdesignpartners.com\/components\/"]}]},{"@type":"WebSite","@id":"https:\/\/processdesignpartners.com\/#website","url":"https:\/\/processdesignpartners.com\/","name":"Process Design Partners","description":"","publisher":{"@id":"https:\/\/processdesignpartners.com\/#organization"},"potentialAction":[{"@type":"SearchAction","target":{"@type":"EntryPoint","urlTemplate":"https:\/\/processdesignpartners.com\/?s={search_term_string}"},"query-input":{"@type":"PropertyValueSpecification","valueRequired":true,"valueName":"search_term_string"}}],"inLanguage":"da-DK"},{"@type":"Organization","@id":"https:\/\/processdesignpartners.com\/#organization","name":"Process Design Partners","url":"https:\/\/processdesignpartners.com\/","logo":{"@type":"ImageObject","inLanguage":"da-DK","@id":"https:\/\/processdesignpartners.com\/#\/schema\/logo\/image\/","url":"https:\/\/processdesignpartners.com\/wp-content\/uploads\/LOGOPDP_TEXT.png","contentUrl":"https:\/\/processdesignpartners.com\/wp-content\/uploads\/LOGOPDP_TEXT.png","width":2048,"height":931,"caption":"Process Design Partners"},"image":{"@id":"https:\/\/processdesignpartners.com\/#\/schema\/logo\/image\/"}}]}},"_links":{"self":[{"href":"https:\/\/processdesignpartners.com\/da\/wp-json\/wp\/v2\/pages\/1501","targetHints":{"allow":["GET"]}}],"collection":[{"href":"https:\/\/processdesignpartners.com\/da\/wp-json\/wp\/v2\/pages"}],"about":[{"href":"https:\/\/processdesignpartners.com\/da\/wp-json\/wp\/v2\/types\/page"}],"author":[{"embeddable":true,"href":"https:\/\/processdesignpartners.com\/da\/wp-json\/wp\/v2\/users\/1"}],"replies":[{"embeddable":true,"href":"https:\/\/processdesignpartners.com\/da\/wp-json\/wp\/v2\/comments?post=1501"}],"version-history":[{"count":34,"href":"https:\/\/processdesignpartners.com\/da\/wp-json\/wp\/v2\/pages\/1501\/revisions"}],"predecessor-version":[{"id":1774,"href":"https:\/\/processdesignpartners.com\/da\/wp-json\/wp\/v2\/pages\/1501\/revisions\/1774"}],"wp:attachment":[{"href":"https:\/\/processdesignpartners.com\/da\/wp-json\/wp\/v2\/media?parent=1501"}],"curies":[{"name":"wp","href":"https:\/\/api.w.org\/{rel}","templated":true}]}}